{"id":3909,"date":"2023-05-06T09:11:45","date_gmt":"2023-05-06T09:11:45","guid":{"rendered":"https:\/\/malaikatravel.com\/?page_id=3909"},"modified":"2023-06-11T11:02:13","modified_gmt":"2023-06-11T11:02:13","slug":"zanzibar","status":"publish","type":"page","link":"https:\/\/malaikatravel.com\/cs\/zanzibar\/","title":{"rendered":"Zanzibar"},"content":{"rendered":"<div class=\"wp-block-stackable-spacer stk-block-spacer stk--no-padding stk-block stk-927acc3 space-above-hotel-title\" data-block-id=\"927acc3\"><\/div>\n\n\n\n<div class=\"wp-block-stackable-heading stk-block-heading stk-block-heading--v2 stk-block stk-38bc34d\" id=\"zanzibar\" data-block-id=\"38bc34d\"><style>.stk-38bc34d .stk-block-heading__text{font-size:34px !important;font-family:\"Ubuntu\",Sans-serif !important}@media screen and (max-width:1023px){.stk-38bc34d .stk-block-heading__text{font-size:34px !important}}@media screen and (max-width:767px){.stk-38bc34d .stk-block-heading__text{font-size:28px !important}}<\/style><h2 class=\"stk-block-heading__text\">Zanzibar<\/h2><\/div>\n\n\n\n<div class=\"wp-block-stackable-text stk-block-text stk-block stk-7b2ced2\" id=\"malaika-travel-has-parterned-with-the-following-hotels-on-the-fabulous-island-of-zanzibar-the-perfect-destination-to-relax-after-your-trek-or-safari\" data-block-id=\"7b2ced2\"><p class=\"stk-block-text__text\">Malaika Travel uzav\u0159ela partnerstv\u00ed s n\u00e1sleduj\u00edc\u00edmi hotely na poh\u00e1dkov\u00e9m ostrov\u011b Zanzibar, kter\u00fd je perfektn\u00ed destinac\u00ed pro odpo\u010dinek po va\u0161em treku nebo safari. <\/p><\/div>\n\n\n\n<div class=\"wp-block-stackable-columns stk-block-columns stk-block stk-501bb49\" data-block-id=\"501bb49\"><div class=\"stk-row stk-inner-blocks stk-block-content stk-content-align stk-501bb49-column\">\n<div class=\"wp-block-stackable-column stk-block-column stk-column stk-block stk-5773620\" data-v=\"4\" data-block-id=\"5773620\"><style>.stk-5773620{align-self:center !important}@media screen and (min-width:768px){.stk-5773620{flex:1 1 calc(30% - var(--stk-column-gap,0px) * 2 \/ 3 ) !important}}<\/style><div class=\"stk-column-wrapper stk-block-column__content stk-container stk-5773620-container stk--no-background stk--no-padding\"><div class=\"stk-block-content stk-inner-blocks stk-5773620-inner-blocks\">\n<div class=\"wp-block-stackable-image stk-block-image stk-block stk-1d9daa8\" data-block-id=\"1d9daa8\"><style>.stk-1d9daa8 .stk-img-wrapper{filter:drop-shadow(2px 2px 4px rgba(133,133,133,1)) !important}.stk-1d9daa8 .stk-img-wrapper img{border-radius:2px !important}<\/style><figure class=\"stk-img-wrapper stk-image--shape-stretch stk--shadow-2px 2px 4px rgba(133, 133, 133, 1) stk--has-lightbox\"><img loading=\"lazy\" decoding=\"async\" class=\"stk-img wp-image-3839\" src=\"https:\/\/malaikatravel.com\/wp-content\/uploads\/2023\/05\/3_2.jpg\" width=\"800\" height=\"533\" alt=\"Kendwa Rocks Beach Hotel\" srcset=\"https:\/\/malaikatravel.com\/wp-content\/uploads\/2023\/05\/3_2.jpg 800w, https:\/\/malaikatravel.com\/wp-content\/uploads\/2023\/05\/3_2-300x200.jpg 300w, https:\/\/malaikatravel.com\/wp-content\/uploads\/2023\/05\/3_2-768x512.jpg 768w, https:\/\/malaikatravel.com\/wp-content\/uploads\/2023\/05\/3_2-18x12.jpg 18w\" sizes=\"auto, (max-width: 800px) 100vw, 800px\" \/><\/figure><\/div>\n<\/div><\/div><\/div>\n\n\n\n<div class=\"wp-block-stackable-column stk-block-column stk-column stk-block stk-1dfb26a\" data-v=\"4\" data-block-id=\"1dfb26a\"><style>@media screen and (min-width:768px){.stk-1dfb26a{flex:1 1 calc(40% - var(--stk-column-gap,0px) * 2 \/ 3 ) !important}}<\/style><div class=\"stk-column-wrapper stk-block-column__content stk-container stk-1dfb26a-container stk--no-background stk--no-padding\"><div class=\"stk-block-content stk-inner-blocks stk-1dfb26a-inner-blocks\">\n<div class=\"wp-block-stackable-heading stk-block-heading stk-block-heading--v2 stk-block stk-d0fdc4f\" id=\"kendwa-rocks-beach-hotel\" data-block-id=\"d0fdc4f\"><style>@media screen and (max-width:767px){.stk-d0fdc4f .stk-block-heading__text{font-size:20px !important}}<\/style><h3 class=\"stk-block-heading__text\">Kendwa Rocks Beach Hotel<\/h3><\/div>\n\n\n\n<div class=\"wp-block-stackable-text stk-block-text stk-block stk-4102a4c\" id=\"located-on-kendwa-beach-and-surrounded-by-lush-gardens-kendwa-rocks-hotel-offers-rooms-and-suites-with-views-of-the-indian-ocean-or-the-garden-zanzibar-town-is-1-hour-drive-away\" data-block-id=\"4102a4c\"><p class=\"stk-block-text__text\">Kendwa Rocks Hotel se nach\u00e1z\u00ed na pl\u00e1\u017ei Kendwa a je obklopen\u00fd sv\u011b\u017e\u00edmi zahradami a nab\u00edz\u00ed pokoje a apartm\u00e1 s v\u00fdhledem na Indick\u00fd oce\u00e1n nebo do zahrady. Stone Town je 1 hodinu j\u00edzdy daleko.<\/p><\/div>\n\n\n<style>.wp-block-kadence-advancedbtn.kb-btns_f09fa5-68{gap:var(--global-kb-gap-xs, 0.5rem );justify-content:center;align-items:center;}.kt-btns_f09fa5-68 .kt-button{font-weight:normal;font-style:normal;}.kt-btns_f09fa5-68 .kt-btn-wrap-0{margin-right:5px;}.wp-block-kadence-advancedbtn.kt-btns_f09fa5-68 .kt-btn-wrap-0 .kt-button{color:#555555;border-color:#555555;}.wp-block-kadence-advancedbtn.kt-btns_f09fa5-68 .kt-btn-wrap-0 .kt-button:hover, .wp-block-kadence-advancedbtn.kt-btns_f09fa5-68 .kt-btn-wrap-0 .kt-button:focus{color:#ffffff;border-color:#444444;}.wp-block-kadence-advancedbtn.kt-btns_f09fa5-68 .kt-btn-wrap-0 .kt-button::before{display:none;}.wp-block-kadence-advancedbtn.kt-btns_f09fa5-68 .kt-btn-wrap-0 .kt-button:hover, .wp-block-kadence-advancedbtn.kt-btns_f09fa5-68 .kt-btn-wrap-0 .kt-button:focus{background:#444444;}<\/style>\n<div class=\"wp-block-kadence-advancedbtn kb-buttons-wrap kb-btns_f09fa5-68\"><style>ul.menu .wp-block-kadence-advancedbtn .kb-btn_10814b-16.kb-button{width:initial;}.wp-block-kadence-advancedbtn .kb-btn_10814b-16.kb-button{background:#0170b9;}.wp-block-kadence-advancedbtn .kb-btn_10814b-16.kb-button:hover, .wp-block-kadence-advancedbtn .kb-btn_10814b-16.kb-button:focus{color:#ffffff;background:#1385d4;}<\/style><a class=\"kb-button kt-button button kb-btn_10814b-16 kt-btn-size-standard kt-btn-width-type-auto kb-btn-global-fill  kt-btn-has-text-true kt-btn-has-svg-false  wp-block-kadence-singlebtn\" href=\"https:\/\/malaikatravel.com\/cs\/kendwa-rocks-beach-hotel\/\"><span class=\"kt-btn-inner-text\">V\u00edce informac\u00ed<\/span><\/a><\/div>\n<\/div><\/div><\/div>\n\n\n\n<div class=\"wp-block-stackable-column stk-block-column stk-column stk-block stk-e1d53dc\" data-v=\"4\" data-block-id=\"e1d53dc\"><style>@media screen and (min-width:768px){.stk-e1d53dc{flex:1 1 calc(30% - var(--stk-column-gap,0px) * 2 \/ 3 ) !important}}<\/style><div class=\"stk-column-wrapper stk-block-column__content stk-container stk-e1d53dc-container stk--no-background stk--no-padding\"><div class=\"stk-block-content stk-inner-blocks stk-e1d53dc-inner-blocks\">\n<div class=\"zanzibar-sidebar safari-icons\"><h4>Spojte se s n\u00e1mi telefonicky | WhatsApp | e-mailem a sd\u011blte n\u00e1m sv\u00e9 p\u0159edstavy a term\u00edny cesty:<\/h4><br>\n<p class=\"safari-icons\"><a href=\"tel:+447761228972\"><i class=\"fa fa-phone\"><\/i> &nbsp; +44 7761&nbsp;228972<\/a><\/p>\n<p class=\"safari-icons\"><a href=\"https:\/\/api.whatsapp.com\/send?phone=447761228972\"><i class=\"fa fa-whatsapp\"><\/i> &nbsp; WhatsApp<\/a><\/p>\n<p class=\"safari-icons\"><a href=\"mailto:info@malaikatravel.com\"><i class=\"fa fa-envelope\"><\/i>&nbsp; info@malaikatravel.com<\/a><\/p><\/div>\n<\/div><\/div><\/div>\n<\/div><\/div>\n\n\n\n<div class=\"wp-block-stackable-columns stk-block-columns stk-block stk-d746433\" data-block-id=\"d746433\"><div class=\"stk-row stk-inner-blocks stk-block-content stk-content-align stk-d746433-column\">\n<div class=\"wp-block-stackable-column stk-block-column stk-column stk-block stk-dd41af3\" data-v=\"4\" data-block-id=\"dd41af3\"><style>.stk-dd41af3{align-self:center !important}@media screen and (min-width:768px){.stk-dd41af3{flex:1 1 calc(30% - var(--stk-column-gap,0px) * 2 \/ 3 ) !important}}<\/style><div class=\"stk-column-wrapper stk-block-column__content stk-container stk-dd41af3-container stk--no-background stk--no-padding\"><div class=\"stk-block-content stk-inner-blocks stk-dd41af3-inner-blocks\">\n<div class=\"wp-block-stackable-image stk-block-image stk-block stk-13cc9aa\" data-block-id=\"13cc9aa\"><style>.stk-13cc9aa .stk-img-wrapper{filter:drop-shadow(2px 2px 4px rgba(133,133,133,1)) !important}.stk-13cc9aa .stk-img-wrapper img{border-radius:2px !important}<\/style><figure class=\"stk-img-wrapper stk-image--shape-stretch stk--shadow-2px 2px 4px rgba(133, 133, 133, 1) stk--has-lightbox\"><img loading=\"lazy\" decoding=\"async\" class=\"stk-img wp-image-3905\" src=\"https:\/\/malaikatravel.com\/wp-content\/uploads\/2023\/05\/layer-2.jpg\" width=\"1000\" height=\"750\" alt=\"Kendwa Rocks Beach Hotel\" srcset=\"https:\/\/malaikatravel.com\/wp-content\/uploads\/2023\/05\/layer-2.jpg 1000w, https:\/\/malaikatravel.com\/wp-content\/uploads\/2023\/05\/layer-2-300x225.jpg 300w, https:\/\/malaikatravel.com\/wp-content\/uploads\/2023\/05\/layer-2-768x576.jpg 768w, https:\/\/malaikatravel.com\/wp-content\/uploads\/2023\/05\/layer-2-16x12.jpg 16w\" sizes=\"auto, (max-width: 1000px) 100vw, 1000px\" \/><\/figure><\/div>\n<\/div><\/div><\/div>\n\n\n\n<div class=\"wp-block-stackable-column stk-block-column stk-column stk-block stk-1515bed\" data-v=\"4\" data-block-id=\"1515bed\"><style>@media screen and (min-width:768px){.stk-1515bed{flex:1 1 calc(40% - var(--stk-column-gap,0px) * 2 \/ 3 ) !important}}<\/style><div class=\"stk-column-wrapper stk-block-column__content stk-container stk-1515bed-container stk--no-background stk--no-padding\"><div class=\"stk-block-content stk-inner-blocks stk-1515bed-inner-blocks\">\n<div class=\"wp-block-stackable-heading stk-block-heading stk-block-heading--v2 stk-block stk-a9e8828\" id=\"royal-zanzibar-beach-resort\" data-block-id=\"a9e8828\"><style>@media screen and (max-width:767px){.stk-a9e8828 .stk-block-heading__text{font-size:20px !important}}<\/style><h3 class=\"stk-block-heading__text\">Royal Zanzibar Beach Resort<\/h3><\/div>\n\n\n\n<div class=\"wp-block-stackable-text stk-block-text stk-block stk-8502ca6\" id=\"located-on-kendwa-beach-and-surrounded-by-lush-gardens-kendwa-rocks-hotel-offers-rooms-and-suites-with-views-of-the-indian-ocean-or-the-garden-zanzibar-town-is-1-hour-drive-away\" data-block-id=\"8502ca6\"><p class=\"stk-block-text__text\">Royal Zanzibar Beach Resort se nach\u00e1z\u00ed p\u0159\u00edmo na b\u00edl\u00e9 p\u00edse\u010dn\u00e9 pl\u00e1\u017ei s kor\u00e1lov\u00fdm \u00fatesem a nab\u00edz\u00ed tropick\u00e9 zahrady se 4 venkovn\u00edmi baz\u00e9ny a za\u0159\u00edzen\u00edmi pro vodn\u00ed sporty.<\/p><\/div>\n\n\n<style>.wp-block-kadence-advancedbtn.kb-btns_603c4d-f0{gap:var(--global-kb-gap-xs, 0.5rem );justify-content:center;align-items:center;}.kt-btns_603c4d-f0 .kt-button{font-weight:normal;font-style:normal;}.kt-btns_603c4d-f0 .kt-btn-wrap-0{margin-right:5px;}.wp-block-kadence-advancedbtn.kt-btns_603c4d-f0 .kt-btn-wrap-0 .kt-button{color:#555555;border-color:#555555;}.wp-block-kadence-advancedbtn.kt-btns_603c4d-f0 .kt-btn-wrap-0 .kt-button:hover, .wp-block-kadence-advancedbtn.kt-btns_603c4d-f0 .kt-btn-wrap-0 .kt-button:focus{color:#ffffff;border-color:#444444;}.wp-block-kadence-advancedbtn.kt-btns_603c4d-f0 .kt-btn-wrap-0 .kt-button::before{display:none;}.wp-block-kadence-advancedbtn.kt-btns_603c4d-f0 .kt-btn-wrap-0 .kt-button:hover, .wp-block-kadence-advancedbtn.kt-btns_603c4d-f0 .kt-btn-wrap-0 .kt-button:focus{background:#444444;}<\/style>\n<div class=\"wp-block-kadence-advancedbtn kb-buttons-wrap kb-btns_603c4d-f0\"><style>ul.menu .wp-block-kadence-advancedbtn .kb-btn_91d6ef-b8.kb-button{width:initial;}.wp-block-kadence-advancedbtn .kb-btn_91d6ef-b8.kb-button{background:#0170b9;}.wp-block-kadence-advancedbtn .kb-btn_91d6ef-b8.kb-button:hover, .wp-block-kadence-advancedbtn .kb-btn_91d6ef-b8.kb-button:focus{color:#ffffff;background:#1385d4;}<\/style><a class=\"kb-button kt-button button kb-btn_91d6ef-b8 kt-btn-size-standard kt-btn-width-type-auto kb-btn-global-fill  kt-btn-has-text-true kt-btn-has-svg-false  wp-block-kadence-singlebtn\" href=\"https:\/\/malaikatravel.com\/cs\/royal-zanzibar-beach-resort\/\"><span class=\"kt-btn-inner-text\">V\u00edce informac\u00ed<\/span><\/a><\/div>\n<\/div><\/div><\/div>\n\n\n\n<div class=\"wp-block-stackable-column stk-block-column stk-column stk-block stk-ab4ffaf\" data-v=\"4\" data-block-id=\"ab4ffaf\"><style>@media screen and (min-width:768px){.stk-ab4ffaf{flex:1 1 calc(30.000000000000007% - var(--stk-column-gap,0px) * 2 \/ 3 ) !important}}<\/style><div class=\"stk-column-wrapper stk-block-column__content stk-container stk-ab4ffaf-container stk--no-background stk--no-padding\"><div class=\"stk-block-content stk-inner-blocks stk-ab4ffaf-inner-blocks\"><\/div><\/div><\/div>\n<\/div><\/div>\n\n\n\n<div class=\"wp-block-stackable-columns stk-block-columns stk-block stk-63fb651\" data-block-id=\"63fb651\"><div class=\"stk-row stk-inner-blocks stk-block-content stk-content-align stk-63fb651-column\">\n<div class=\"wp-block-stackable-column stk-block-column stk-column stk-block stk-e8afd61\" data-v=\"4\" data-block-id=\"e8afd61\"><style>.stk-e8afd61{align-self:center !important}@media screen and (min-width:768px){.stk-e8afd61{flex:1 1 calc(30% - var(--stk-column-gap,0px) * 2 \/ 3 ) !important}}<\/style><div class=\"stk-column-wrapper stk-block-column__content stk-container stk-e8afd61-container stk--no-background stk--no-padding\"><div class=\"stk-block-content stk-inner-blocks stk-e8afd61-inner-blocks\">\n<div class=\"wp-block-stackable-image stk-block-image stk-block stk-688b7be\" data-block-id=\"688b7be\"><style>.stk-688b7be .stk-img-wrapper{filter:drop-shadow(2px 2px 4px rgba(133,133,133,1)) !important}.stk-688b7be .stk-img-wrapper img{border-radius:2px !important}<\/style><figure class=\"stk-img-wrapper stk-image--shape-stretch stk--shadow-2px 2px 4px rgba(133, 133, 133, 1) stk--has-lightbox\"><img loading=\"lazy\" decoding=\"async\" class=\"stk-img wp-image-4365\" src=\"https:\/\/malaikatravel.com\/wp-content\/uploads\/2023\/06\/163356322.jpg\" width=\"750\" height=\"500\" alt=\"Kena Beach Hotel sunrise\" srcset=\"https:\/\/malaikatravel.com\/wp-content\/uploads\/2023\/06\/163356322.jpg 750w, https:\/\/malaikatravel.com\/wp-content\/uploads\/2023\/06\/163356322-300x200.jpg 300w, https:\/\/malaikatravel.com\/wp-content\/uploads\/2023\/06\/163356322-18x12.jpg 18w\" sizes=\"auto, (max-width: 750px) 100vw, 750px\" \/><\/figure><\/div>\n<\/div><\/div><\/div>\n\n\n\n<div class=\"wp-block-stackable-column stk-block-column stk-column stk-block stk-1bfe7e5\" data-v=\"4\" data-block-id=\"1bfe7e5\"><style>@media screen and (min-width:768px){.stk-1bfe7e5{flex:1 1 calc(40% - var(--stk-column-gap,0px) * 2 \/ 3 ) !important}}<\/style><div class=\"stk-column-wrapper stk-block-column__content stk-container stk-1bfe7e5-container stk--no-background stk--no-padding\"><div class=\"stk-block-content stk-inner-blocks stk-1bfe7e5-inner-blocks\">\n<div class=\"wp-block-stackable-heading stk-block-heading stk-block-heading--v2 stk-block stk-2c1f618\" id=\"kena-beach-hotel\" data-block-id=\"2c1f618\"><style>@media screen and (max-width:767px){.stk-2c1f618 .stk-block-heading__text{font-size:20px !important}}<\/style><h3 class=\"stk-block-heading__text\">Kena Beach Hotel<\/h3><\/div>\n\n\n\n<div class=\"wp-block-stackable-text stk-block-text stk-block stk-df033f4\" id=\"located-on-kendwa-beach-and-surrounded-by-lush-gardens-kendwa-rocks-hotel-offers-rooms-and-suites-with-views-of-the-indian-ocean-or-the-garden-zanzibar-town-is-1-hour-drive-away\" data-block-id=\"df033f4\"><p class=\"stk-block-text__text\">Tato tropick\u00e1 o\u00e1za, kter\u00e1 se nach\u00e1z\u00ed uprost\u0159ed kr\u00e1sn\u011b upraven\u00fdch zahrad, je jen p\u00e1r krok\u016f od k\u0159i\u0161\u0165\u00e1lov\u011b \u010dist\u00e9 vody Zanzibaru na severov\u00fdchodn\u00edm pob\u0159e\u017e\u00ed ostrova. <\/p><\/div>\n\n\n<style>.wp-block-kadence-advancedbtn.kb-btns_1cab38-18{gap:var(--global-kb-gap-xs, 0.5rem );justify-content:center;align-items:center;}.kt-btns_1cab38-18 .kt-button{font-weight:normal;font-style:normal;}.kt-btns_1cab38-18 .kt-btn-wrap-0{margin-right:5px;}.wp-block-kadence-advancedbtn.kt-btns_1cab38-18 .kt-btn-wrap-0 .kt-button{color:#555555;border-color:#555555;}.wp-block-kadence-advancedbtn.kt-btns_1cab38-18 .kt-btn-wrap-0 .kt-button:hover, .wp-block-kadence-advancedbtn.kt-btns_1cab38-18 .kt-btn-wrap-0 .kt-button:focus{color:#ffffff;border-color:#444444;}.wp-block-kadence-advancedbtn.kt-btns_1cab38-18 .kt-btn-wrap-0 .kt-button::before{display:none;}.wp-block-kadence-advancedbtn.kt-btns_1cab38-18 .kt-btn-wrap-0 .kt-button:hover, .wp-block-kadence-advancedbtn.kt-btns_1cab38-18 .kt-btn-wrap-0 .kt-button:focus{background:#444444;}<\/style>\n<div class=\"wp-block-kadence-advancedbtn kb-buttons-wrap kb-btns_1cab38-18\"><style>ul.menu .wp-block-kadence-advancedbtn .kb-btn_43927f-fc.kb-button{width:initial;}.wp-block-kadence-advancedbtn .kb-btn_43927f-fc.kb-button{background:#0170b9;}.wp-block-kadence-advancedbtn .kb-btn_43927f-fc.kb-button:hover, .wp-block-kadence-advancedbtn .kb-btn_43927f-fc.kb-button:focus{color:#ffffff;background:#1385d4;}<\/style><a class=\"kb-button kt-button button kb-btn_43927f-fc kt-btn-size-standard kt-btn-width-type-auto kb-btn-global-fill  kt-btn-has-text-true kt-btn-has-svg-false  wp-block-kadence-singlebtn\" href=\"https:\/\/malaikatravel.com\/cs\/kena-beach-hotel\/\"><span class=\"kt-btn-inner-text\">V\u00edce informac\u00ed<\/span><\/a><\/div>\n<\/div><\/div><\/div>\n\n\n\n<div class=\"wp-block-stackable-column stk-block-column stk-column stk-block stk-348da23\" data-v=\"4\" data-block-id=\"348da23\"><style>@media screen and (min-width:768px){.stk-348da23{flex:1 1 calc(30.000000000000007% - var(--stk-column-gap,0px) * 2 \/ 3 ) !important}}<\/style><div class=\"stk-column-wrapper stk-block-column__content stk-container stk-348da23-container stk--no-background stk--no-padding\"><div class=\"stk-block-content stk-inner-blocks stk-348da23-inner-blocks\"><\/div><\/div><\/div>\n<\/div><\/div>\n\n\n\n<div class=\"mob-zanzibar-sidebar\"><h4>Spojte se s n\u00e1mi telefonicky | WhatsApp | e-mailem a sd\u011blte n\u00e1m sv\u00e9 p\u0159edstavy a term\u00edny cesty:<\/h4><br>\n<p class=\"safari-icons\"><a href=\"tel:+447761228972\"><i class=\"fa fa-phone\"><\/i> &nbsp; +44 7761&nbsp;228972<\/a><\/p>\n<p class=\"safari-icons\"><a href=\"https:\/\/api.whatsapp.com\/send?phone=447761228972\"><i class=\"fa fa-whatsapp\"><\/i> &nbsp; WhatsApp<\/a><\/p>\n<p class=\"safari-icons\"><a href=\"mailto:info@malaikatravel.com\"><i class=\"fa fa-envelope\"><\/i>&nbsp; info@malaikatravel.com<\/a><\/p><\/div>","protected":false},"excerpt":{"rendered":"<p>Zanzibar Malaika Travel has partnered with the following hotels on the fabulous island of Zanzibar, the perfect destination to relax after your trek or safari. Kendwa Rocks Beach Hotel Located on Kendwa Beach and surrounded by lush gardens, Kendwa Rocks Hotel offers rooms and suites with views of the Indian Ocean or the garden. Stone [&hellip;]<\/p>\n","protected":false},"author":1,"featured_media":0,"parent":0,"menu_order":0,"comment_status":"closed","ping_status":"closed","template":"","meta":{"_seopress_robots_primary_cat":"","_seopress_titles_title":"Hotels in %%post_title%% %%sep%% %%sitetitle%%","_seopress_titles_desc":"We have partnered with Kendwa Rcoks, Royal Zanzibar, Kena Beach hotels on Zanzibar, the perfect destination to relax after your trek or safari. ","_seopress_robots_index":"","_monsterinsights_skip_tracking":false,"_monsterinsights_sitenote_active":false,"_monsterinsights_sitenote_note":"","_monsterinsights_sitenote_category":0,"_themeisle_gutenberg_block_has_review":false,"_kadence_starter_templates_imported_post":false,"footnotes":""},"class_list":["post-3909","page","type-page","status-publish","hentry"],"_links":{"self":[{"href":"https:\/\/malaikatravel.com\/cs\/wp-json\/wp\/v2\/pages\/3909","targetHints":{"allow":["GET"]}}],"collection":[{"href":"https:\/\/malaikatravel.com\/cs\/wp-json\/wp\/v2\/pages"}],"about":[{"href":"https:\/\/malaikatravel.com\/cs\/wp-json\/wp\/v2\/types\/page"}],"author":[{"embeddable":true,"href":"https:\/\/malaikatravel.com\/cs\/wp-json\/wp\/v2\/users\/1"}],"replies":[{"embeddable":true,"href":"https:\/\/malaikatravel.com\/cs\/wp-json\/wp\/v2\/comments?post=3909"}],"version-history":[{"count":43,"href":"https:\/\/malaikatravel.com\/cs\/wp-json\/wp\/v2\/pages\/3909\/revisions"}],"predecessor-version":[{"id":4550,"href":"https:\/\/malaikatravel.com\/cs\/wp-json\/wp\/v2\/pages\/3909\/revisions\/4550"}],"wp:attachment":[{"href":"https:\/\/malaikatravel.com\/cs\/wp-json\/wp\/v2\/media?parent=3909"}],"curies":[{"name":"wp","href":"https:\/\/api.w.org\/{rel}","templated":true}]}}