{"id":294,"date":"2022-11-06T17:30:55","date_gmt":"2022-11-06T17:30:55","guid":{"rendered":"http:\/\/malaikatravel.com\/?page_id=294"},"modified":"2023-06-25T12:30:52","modified_gmt":"2023-06-25T12:30:52","slug":"frequently-asked-questions","status":"publish","type":"page","link":"http:\/\/malaikatravel.com\/cs\/frequently-asked-questions\/","title":{"rendered":"\u010casto kladen\u00e9 ot\u00e1zky"},"content":{"rendered":"\n<div class=\"wp-block-group is-vertical is-layout-flex wp-container-core-group-is-layout-8cf370e7 wp-block-group-is-layout-flex\">\n<div class=\"wp-block-group\"><div class=\"wp-block-group__inner-container is-layout-constrained wp-block-group-is-layout-constrained\"><style>.kadence-column_15ce1a-fb > .kt-inside-inner-col,.kadence-column_15ce1a-fb > .kt-inside-inner-col:before{border-top-left-radius:0px;border-top-right-radius:0px;border-bottom-right-radius:0px;border-bottom-left-radius:0px;}.kadence-column_15ce1a-fb > .kt-inside-inner-col{column-gap:var(--global-kb-gap-sm, 1rem);}.kadence-column_15ce1a-fb > .kt-inside-inner-col{flex-direction:column;}.kadence-column_15ce1a-fb > .kt-inside-inner-col > .aligncenter{width:100%;}.kadence-column_15ce1a-fb > .kt-inside-inner-col:before{opacity:0.3;}.kadence-column_15ce1a-fb{position:relative;}.kadence-column_15ce1a-fb, .kt-inside-inner-col > .kadence-column_15ce1a-fb:not(.specificity){margin-bottom:20px;}@media all and (max-width: 1024px){.kadence-column_15ce1a-fb > .kt-inside-inner-col{flex-direction:column;justify-content:center;}}@media all and (max-width: 767px){.kadence-column_15ce1a-fb > .kt-inside-inner-col{flex-direction:column;justify-content:center;}}<\/style>\n<div class=\"wp-block-kadence-column kadence-column_15ce1a-fb inner-column-1\"><div class=\"kt-inside-inner-col\"><style>.wp-block-kadence-advancedheading.kt-adv-heading_0daad5-7b, .wp-block-kadence-advancedheading.kt-adv-heading_0daad5-7b[data-kb-block=\"kb-adv-heading_0daad5-7b\"]{font-size:22px;font-weight:400;font-style:normal;font-family:Ubuntu;}.wp-block-kadence-advancedheading.kt-adv-heading_0daad5-7b mark.kt-highlight, .wp-block-kadence-advancedheading.kt-adv-heading_0daad5-7b[data-kb-block=\"kb-adv-heading_0daad5-7b\"] mark.kt-highlight{font-style:normal;color:#f76a0c;-webkit-box-decoration-break:clone;box-decoration-break:clone;padding-top:0px;padding-right:0px;padding-bottom:0px;padding-left:0px;}.wp-block-kadence-advancedheading.kt-adv-heading_0daad5-7b img.kb-inline-image, .wp-block-kadence-advancedheading.kt-adv-heading_0daad5-7b[data-kb-block=\"kb-adv-heading_0daad5-7b\"] img.kb-inline-image{width:150px;vertical-align:baseline;}<\/style>\n<h2 class=\"kt-adv-heading_0daad5-7b wp-block-kadence-advancedheading\" data-kb-block=\"kb-adv-heading_0daad5-7b\"><strong>Vaccination<\/strong><\/h2>\n\n\n\n<p>We recommend that you visit a travel clinic before your trip. They will advise you about all of the vaccination and antimalarial medication.<\/p>\n<\/div><\/div>\n\n\n<style>.kadence-column_9e9bb6-4c > .kt-inside-inner-col,.kadence-column_9e9bb6-4c > .kt-inside-inner-col:before{border-top-left-radius:0px;border-top-right-radius:0px;border-bottom-right-radius:0px;border-bottom-left-radius:0px;}.kadence-column_9e9bb6-4c > .kt-inside-inner-col{column-gap:var(--global-kb-gap-sm, 1rem);}.kadence-column_9e9bb6-4c > .kt-inside-inner-col{flex-direction:column;}.kadence-column_9e9bb6-4c > .kt-inside-inner-col > .aligncenter{width:100%;}.kadence-column_9e9bb6-4c > .kt-inside-inner-col:before{opacity:0.3;}.kadence-column_9e9bb6-4c{position:relative;}.kadence-column_9e9bb6-4c, .kt-inside-inner-col > .kadence-column_9e9bb6-4c:not(.specificity){margin-bottom:20px;}@media all and (max-width: 1024px){.kadence-column_9e9bb6-4c > .kt-inside-inner-col{flex-direction:column;justify-content:center;}}@media all and (max-width: 767px){.kadence-column_9e9bb6-4c > .kt-inside-inner-col{flex-direction:column;justify-content:center;}}<\/style>\n<div class=\"wp-block-kadence-column kadence-column_9e9bb6-4c inner-column-1\"><div class=\"kt-inside-inner-col\"><style>.wp-block-kadence-advancedheading.kt-adv-heading_5dc608-b5, .wp-block-kadence-advancedheading.kt-adv-heading_5dc608-b5[data-kb-block=\"kb-adv-heading_5dc608-b5\"]{font-size:22px;font-weight:400;font-style:normal;font-family:Ubuntu;}.wp-block-kadence-advancedheading.kt-adv-heading_5dc608-b5 mark.kt-highlight, .wp-block-kadence-advancedheading.kt-adv-heading_5dc608-b5[data-kb-block=\"kb-adv-heading_5dc608-b5\"] mark.kt-highlight{font-style:normal;color:#f76a0c;-webkit-box-decoration-break:clone;box-decoration-break:clone;padding-top:0px;padding-right:0px;padding-bottom:0px;padding-left:0px;}.wp-block-kadence-advancedheading.kt-adv-heading_5dc608-b5 img.kb-inline-image, .wp-block-kadence-advancedheading.kt-adv-heading_5dc608-b5[data-kb-block=\"kb-adv-heading_5dc608-b5\"] img.kb-inline-image{width:150px;vertical-align:baseline;}<\/style>\n<h2 class=\"kt-adv-heading_5dc608-b5 wp-block-kadence-advancedheading\" data-kb-block=\"kb-adv-heading_5dc608-b5\"><strong>Toilet<\/strong><\/h2>\n\n\n\n<p>There are just squat dry toilets on the mountain. They are maintained and cleaned, but if you prefer to have own private toilet it is possible for $150 per toilet. One toilet can be shared with up to four people.<\/p>\n<\/div><\/div>\n\n\n<style>.kadence-column_59571e-9c > .kt-inside-inner-col,.kadence-column_59571e-9c > .kt-inside-inner-col:before{border-top-left-radius:0px;border-top-right-radius:0px;border-bottom-right-radius:0px;border-bottom-left-radius:0px;}.kadence-column_59571e-9c > .kt-inside-inner-col{column-gap:var(--global-kb-gap-sm, 1rem);}.kadence-column_59571e-9c > .kt-inside-inner-col{flex-direction:column;}.kadence-column_59571e-9c > .kt-inside-inner-col > .aligncenter{width:100%;}.kadence-column_59571e-9c > .kt-inside-inner-col:before{opacity:0.3;}.kadence-column_59571e-9c{position:relative;}.kadence-column_59571e-9c, .kt-inside-inner-col > .kadence-column_59571e-9c:not(.specificity){margin-bottom:20px;}@media all and (max-width: 1024px){.kadence-column_59571e-9c > .kt-inside-inner-col{flex-direction:column;justify-content:center;}}@media all and (max-width: 767px){.kadence-column_59571e-9c > .kt-inside-inner-col{flex-direction:column;justify-content:center;}}<\/style>\n<div class=\"wp-block-kadence-column kadence-column_59571e-9c inner-column-1\"><div class=\"kt-inside-inner-col\"><style>.wp-block-kadence-advancedheading.kt-adv-heading_72f8b0-30, .wp-block-kadence-advancedheading.kt-adv-heading_72f8b0-30[data-kb-block=\"kb-adv-heading_72f8b0-30\"]{font-size:22px;font-weight:400;font-style:normal;font-family:Ubuntu;}.wp-block-kadence-advancedheading.kt-adv-heading_72f8b0-30 mark.kt-highlight, .wp-block-kadence-advancedheading.kt-adv-heading_72f8b0-30[data-kb-block=\"kb-adv-heading_72f8b0-30\"] mark.kt-highlight{font-style:normal;color:#f76a0c;-webkit-box-decoration-break:clone;box-decoration-break:clone;padding-top:0px;padding-right:0px;padding-bottom:0px;padding-left:0px;}.wp-block-kadence-advancedheading.kt-adv-heading_72f8b0-30 img.kb-inline-image, .wp-block-kadence-advancedheading.kt-adv-heading_72f8b0-30[data-kb-block=\"kb-adv-heading_72f8b0-30\"] img.kb-inline-image{width:150px;vertical-align:baseline;}<\/style>\n<h2 class=\"kt-adv-heading_72f8b0-30 wp-block-kadence-advancedheading\" data-kb-block=\"kb-adv-heading_72f8b0-30\"><strong>Visa<\/strong><\/h2>\n\n\n\n<p>An ordinary tourist visa costs $50. The maximal duration for this visa is 90 days. You can pay for your visa on arrival, but you can also buy them in advance at the following website: <a rel=\"noreferrer noopener\" href=\"https:\/\/eservices.immigration.go.tz\/visa\/\" target=\"_blank\">https:\/\/eservices.immigration.go.tz\/visa\/<\/a>.<\/p>\n<\/div><\/div>\n\n\n<style>.kadence-column_2e2c07-21 > .kt-inside-inner-col,.kadence-column_2e2c07-21 > .kt-inside-inner-col:before{border-top-left-radius:0px;border-top-right-radius:0px;border-bottom-right-radius:0px;border-bottom-left-radius:0px;}.kadence-column_2e2c07-21 > .kt-inside-inner-col{column-gap:var(--global-kb-gap-sm, 1rem);}.kadence-column_2e2c07-21 > .kt-inside-inner-col{flex-direction:column;}.kadence-column_2e2c07-21 > .kt-inside-inner-col > .aligncenter{width:100%;}.kadence-column_2e2c07-21 > .kt-inside-inner-col:before{opacity:0.3;}.kadence-column_2e2c07-21{position:relative;}.kadence-column_2e2c07-21, .kt-inside-inner-col > .kadence-column_2e2c07-21:not(.specificity){margin-bottom:20px;}@media all and (max-width: 1024px){.kadence-column_2e2c07-21 > .kt-inside-inner-col{flex-direction:column;justify-content:center;}}@media all and (max-width: 767px){.kadence-column_2e2c07-21 > .kt-inside-inner-col{flex-direction:column;justify-content:center;}}<\/style>\n<div class=\"wp-block-kadence-column kadence-column_2e2c07-21 inner-column-1\"><div class=\"kt-inside-inner-col\"><style>.wp-block-kadence-advancedheading.kt-adv-heading_2d2f45-39, .wp-block-kadence-advancedheading.kt-adv-heading_2d2f45-39[data-kb-block=\"kb-adv-heading_2d2f45-39\"]{font-size:22px;font-weight:400;font-style:normal;font-family:Ubuntu;}.wp-block-kadence-advancedheading.kt-adv-heading_2d2f45-39 mark.kt-highlight, .wp-block-kadence-advancedheading.kt-adv-heading_2d2f45-39[data-kb-block=\"kb-adv-heading_2d2f45-39\"] mark.kt-highlight{font-style:normal;color:#f76a0c;-webkit-box-decoration-break:clone;box-decoration-break:clone;padding-top:0px;padding-right:0px;padding-bottom:0px;padding-left:0px;}.wp-block-kadence-advancedheading.kt-adv-heading_2d2f45-39 img.kb-inline-image, .wp-block-kadence-advancedheading.kt-adv-heading_2d2f45-39[data-kb-block=\"kb-adv-heading_2d2f45-39\"] img.kb-inline-image{width:150px;vertical-align:baseline;}<\/style>\n<h2 class=\"kt-adv-heading_2d2f45-39 wp-block-kadence-advancedheading\" data-kb-block=\"kb-adv-heading_2d2f45-39\"><strong>Fitness Level and Training<\/strong><\/h2>\n\n\n\n<p>We recommend that you do cardio training and lot of uphill hiking. You can also walk up and down staircases. You should be able to walk at least 8 hours to be ready for summit day.<\/p>\n<\/div><\/div>\n\n\n<style>.kadence-column_f53dbd-f2 > .kt-inside-inner-col,.kadence-column_f53dbd-f2 > .kt-inside-inner-col:before{border-top-left-radius:0px;border-top-right-radius:0px;border-bottom-right-radius:0px;border-bottom-left-radius:0px;}.kadence-column_f53dbd-f2 > .kt-inside-inner-col{column-gap:var(--global-kb-gap-sm, 1rem);}.kadence-column_f53dbd-f2 > .kt-inside-inner-col{flex-direction:column;}.kadence-column_f53dbd-f2 > .kt-inside-inner-col > .aligncenter{width:100%;}.kadence-column_f53dbd-f2 > .kt-inside-inner-col:before{opacity:0.3;}.kadence-column_f53dbd-f2{position:relative;}.kadence-column_f53dbd-f2, .kt-inside-inner-col > .kadence-column_f53dbd-f2:not(.specificity){margin-bottom:20px;}@media all and (max-width: 1024px){.kadence-column_f53dbd-f2 > .kt-inside-inner-col{flex-direction:column;justify-content:center;}}@media all and (max-width: 767px){.kadence-column_f53dbd-f2 > .kt-inside-inner-col{flex-direction:column;justify-content:center;}}<\/style>\n<div class=\"wp-block-kadence-column kadence-column_f53dbd-f2 inner-column-1\"><div class=\"kt-inside-inner-col\"><style>.wp-block-kadence-advancedheading.kt-adv-heading_ce8058-ba, .wp-block-kadence-advancedheading.kt-adv-heading_ce8058-ba[data-kb-block=\"kb-adv-heading_ce8058-ba\"]{font-size:22px;font-weight:400;font-style:normal;font-family:Ubuntu;}.wp-block-kadence-advancedheading.kt-adv-heading_ce8058-ba mark.kt-highlight, .wp-block-kadence-advancedheading.kt-adv-heading_ce8058-ba[data-kb-block=\"kb-adv-heading_ce8058-ba\"] mark.kt-highlight{font-style:normal;color:#f76a0c;-webkit-box-decoration-break:clone;box-decoration-break:clone;padding-top:0px;padding-right:0px;padding-bottom:0px;padding-left:0px;}.wp-block-kadence-advancedheading.kt-adv-heading_ce8058-ba img.kb-inline-image, .wp-block-kadence-advancedheading.kt-adv-heading_ce8058-ba[data-kb-block=\"kb-adv-heading_ce8058-ba\"] img.kb-inline-image{width:150px;vertical-align:baseline;}<\/style>\n<h2 class=\"kt-adv-heading_ce8058-ba wp-block-kadence-advancedheading\" data-kb-block=\"kb-adv-heading_ce8058-ba\"><strong>Altitude Sickness<\/strong><\/h2>\n\n\n\n<p>If you have severe altitude sickness or you have to any other reason to descend earlier, you\u2019ll be accompanied down, but you\u2019ll have to pay all of the extra expenses such as transport and accommodation.<\/p>\n<\/div><\/div>\n\n\n<style>.kadence-column_e56364-b9 > .kt-inside-inner-col,.kadence-column_e56364-b9 > .kt-inside-inner-col:before{border-top-left-radius:0px;border-top-right-radius:0px;border-bottom-right-radius:0px;border-bottom-left-radius:0px;}.kadence-column_e56364-b9 > .kt-inside-inner-col{column-gap:var(--global-kb-gap-sm, 1rem);}.kadence-column_e56364-b9 > .kt-inside-inner-col{flex-direction:column;}.kadence-column_e56364-b9 > .kt-inside-inner-col > .aligncenter{width:100%;}.kadence-column_e56364-b9 > .kt-inside-inner-col:before{opacity:0.3;}.kadence-column_e56364-b9{position:relative;}.kadence-column_e56364-b9, .kt-inside-inner-col > .kadence-column_e56364-b9:not(.specificity){margin-bottom:20px;}@media all and (max-width: 1024px){.kadence-column_e56364-b9 > .kt-inside-inner-col{flex-direction:column;justify-content:center;}}@media all and (max-width: 767px){.kadence-column_e56364-b9 > .kt-inside-inner-col{flex-direction:column;justify-content:center;}}<\/style>\n<div class=\"wp-block-kadence-column kadence-column_e56364-b9 inner-column-1\"><div class=\"kt-inside-inner-col\"><style>.wp-block-kadence-advancedheading.kt-adv-heading_983c1f-20, .wp-block-kadence-advancedheading.kt-adv-heading_983c1f-20[data-kb-block=\"kb-adv-heading_983c1f-20\"]{font-size:22px;font-weight:400;font-style:normal;font-family:Ubuntu;}.wp-block-kadence-advancedheading.kt-adv-heading_983c1f-20 mark.kt-highlight, .wp-block-kadence-advancedheading.kt-adv-heading_983c1f-20[data-kb-block=\"kb-adv-heading_983c1f-20\"] mark.kt-highlight{font-style:normal;color:#f76a0c;-webkit-box-decoration-break:clone;box-decoration-break:clone;padding-top:0px;padding-right:0px;padding-bottom:0px;padding-left:0px;}.wp-block-kadence-advancedheading.kt-adv-heading_983c1f-20 img.kb-inline-image, .wp-block-kadence-advancedheading.kt-adv-heading_983c1f-20[data-kb-block=\"kb-adv-heading_983c1f-20\"] img.kb-inline-image{width:150px;vertical-align:baseline;}<\/style>\n<h2 class=\"kt-adv-heading_983c1f-20 wp-block-kadence-advancedheading\" data-kb-block=\"kb-adv-heading_983c1f-20\"><strong>Insurance<\/strong><\/h2>\n\n\n\n<p>We strongly recommend getting hiking insurance and be sure to choose the correct insurance cover for hiking Kilimanjaro. Below are some examples of insurance companies:<br><br><a href=\"https:\/\/www.worldnomads.com\/\" target=\"_blank\" rel=\"noreferrer noopener\">https:\/\/www.worldnomads.com\/<\/a><br><a href=\"https:\/\/www.truetraveller.com\/\" target=\"_blank\" rel=\"noreferrer noopener\">https:\/\/www.truetraveller.com\/<\/a><\/p>\n<\/div><\/div>\n\n\n<style>.kadence-column_b95268-03 > .kt-inside-inner-col,.kadence-column_b95268-03 > .kt-inside-inner-col:before{border-top-left-radius:0px;border-top-right-radius:0px;border-bottom-right-radius:0px;border-bottom-left-radius:0px;}.kadence-column_b95268-03 > .kt-inside-inner-col{column-gap:var(--global-kb-gap-sm, 1rem);}.kadence-column_b95268-03 > .kt-inside-inner-col{flex-direction:column;}.kadence-column_b95268-03 > .kt-inside-inner-col > .aligncenter{width:100%;}.kadence-column_b95268-03 > .kt-inside-inner-col:before{opacity:0.3;}.kadence-column_b95268-03{position:relative;}.kadence-column_b95268-03, .kt-inside-inner-col > .kadence-column_b95268-03:not(.specificity){margin-bottom:20px;}@media all and (max-width: 1024px){.kadence-column_b95268-03 > .kt-inside-inner-col{flex-direction:column;justify-content:center;}}@media all and (max-width: 767px){.kadence-column_b95268-03 > .kt-inside-inner-col{flex-direction:column;justify-content:center;}}<\/style>\n<div class=\"wp-block-kadence-column kadence-column_b95268-03 inner-column-1\"><div class=\"kt-inside-inner-col\"><style>.wp-block-kadence-advancedheading.kt-adv-heading_3f3efd-8e, .wp-block-kadence-advancedheading.kt-adv-heading_3f3efd-8e[data-kb-block=\"kb-adv-heading_3f3efd-8e\"]{font-size:22px;font-weight:400;font-style:normal;font-family:Ubuntu;}.wp-block-kadence-advancedheading.kt-adv-heading_3f3efd-8e mark.kt-highlight, .wp-block-kadence-advancedheading.kt-adv-heading_3f3efd-8e[data-kb-block=\"kb-adv-heading_3f3efd-8e\"] mark.kt-highlight{font-style:normal;color:#f76a0c;-webkit-box-decoration-break:clone;box-decoration-break:clone;padding-top:0px;padding-right:0px;padding-bottom:0px;padding-left:0px;}.wp-block-kadence-advancedheading.kt-adv-heading_3f3efd-8e img.kb-inline-image, .wp-block-kadence-advancedheading.kt-adv-heading_3f3efd-8e[data-kb-block=\"kb-adv-heading_3f3efd-8e\"] img.kb-inline-image{width:150px;vertical-align:baseline;}<\/style>\n<h2 class=\"kt-adv-heading_3f3efd-8e wp-block-kadence-advancedheading\" data-kb-block=\"kb-adv-heading_3f3efd-8e\"><strong>Price<\/strong><\/h2>\n\n\n\n<p>There are many companies offering Kilimanjaro trips for a competitive price. I\u2019m curious how some companies make climbing Kilimanjaro any cheaper while not cutting corners or not paying the crew the right salaries. I won\u2019t tell you not to go for a cheaper trip, but I don\u2019t believe that it is the best, most reliable option. With our company you are guaranteed the best service and you can be sure that your crew is fairly paid.<\/p>\n<\/div><\/div>\n<\/div><\/div>\n\n\n\n<p><\/p>\n<\/div>\n","protected":false},"excerpt":{"rendered":"<p>Vaccination We recommend that you visit a travel clinic before your trip. They will advise you about all of the vaccination and antimalarial medication. Toilet There are just squat dry toilets on the mountain. They are maintained and cleaned, but if you prefer to have own private toilet it is possible for $150 per toilet. [&hellip;]<\/p>\n","protected":false},"author":1,"featured_media":0,"parent":0,"menu_order":0,"comment_status":"closed","ping_status":"closed","template":"","meta":{"_seopress_robots_primary_cat":"","_seopress_titles_title":"%%post_title%% %%sep%% %%sitetitle%%","_seopress_titles_desc":"We answer common questions about your Kilimanjaro trek. Visa, insurance, vaccination, altitude sickness, fitness levels, price and toilets are common topics","_seopress_robots_index":"","_monsterinsights_skip_tracking":false,"_monsterinsights_sitenote_active":false,"_monsterinsights_sitenote_note":"","_monsterinsights_sitenote_category":0,"_themeisle_gutenberg_block_has_review":false,"_kadence_starter_templates_imported_post":false,"footnotes":""},"class_list":["post-294","page","type-page","status-publish","hentry"],"_links":{"self":[{"href":"http:\/\/malaikatravel.com\/cs\/wp-json\/wp\/v2\/pages\/294","targetHints":{"allow":["GET"]}}],"collection":[{"href":"http:\/\/malaikatravel.com\/cs\/wp-json\/wp\/v2\/pages"}],"about":[{"href":"http:\/\/malaikatravel.com\/cs\/wp-json\/wp\/v2\/types\/page"}],"author":[{"embeddable":true,"href":"http:\/\/malaikatravel.com\/cs\/wp-json\/wp\/v2\/users\/1"}],"replies":[{"embeddable":true,"href":"http:\/\/malaikatravel.com\/cs\/wp-json\/wp\/v2\/comments?post=294"}],"version-history":[{"count":13,"href":"http:\/\/malaikatravel.com\/cs\/wp-json\/wp\/v2\/pages\/294\/revisions"}],"predecessor-version":[{"id":4567,"href":"http:\/\/malaikatravel.com\/cs\/wp-json\/wp\/v2\/pages\/294\/revisions\/4567"}],"wp:attachment":[{"href":"http:\/\/malaikatravel.com\/cs\/wp-json\/wp\/v2\/media?parent=294"}],"curies":[{"name":"wp","href":"https:\/\/api.w.org\/{rel}","templated":true}]}}